{"id":15537,"date":"2014-10-20T16:21:39","date_gmt":"2014-10-20T16:21:39","guid":{"rendered":"http:\/\/demo.qodeinteractive.com\/bridge46\/?page_id=15506"},"modified":"2025-05-18T23:40:49","modified_gmt":"2025-05-19T03:40:49","slug":"good-to-know","status":"publish","type":"page","link":"https:\/\/lewisnotaire.ca\/en\/good-to-know\/","title":{"rendered":"Good to Know"},"content":{"rendered":"<div class=\"wpb-content-wrapper\"><p>[vc_row css_animation=&#8221;&#8221; row_type=&#8221;row&#8221; use_row_as_full_screen_section=&#8221;no&#8221; type=&#8221;grid&#8221; angled_section=&#8221;no&#8221; text_align=&#8221;left&#8221; background_image_as_pattern=&#8221;without_pattern&#8221; padding_top=&#8221;87&#8243; padding_bottom=&#8221;34&#8243;][vc_column width=&#8221;1\/3&#8243; css=&#8221;.vc_custom_1562257163499{padding-right: 20px !important;}&#8221;][vc_column_text]<\/p>\n<h3>In our opinion&#8230;<\/h3>\n<p>[\/vc_column_text][vc_separator type=&#8221;transparent&#8221; up=&#8221;20&#8243; down=&#8221;0&#8243;][vc_column_text]<\/p>\n<p style=\"text-align: justify;\">Each life is inherently personal and distinctive, with each person having to undertake commitments and responsibilities that have present and sometimes future legal ramifications. According to our legal system, ignorance of the law is no excuse. And of course, not everyone can be abreast with all areas of the law. This is why we are here to support and inform you about the legal aspects of your life. Whether for a wedding, a real estate transaction, a death, an incapacity, adoption, contract analysis, contract drafting or any other situation where legal advice or prevention law would be useful, we can help you and thus avoid possible legal conflicts for you.<\/p>\n<p>[\/vc_column_text][\/vc_column][vc_column width=&#8221;1\/3&#8243; css=&#8221;.vc_custom_1562257187209{padding-right: 20px !important;}&#8221;][vc_column_text]<\/p>\n<h3>The Will<\/h3>\n<p>[\/vc_column_text][vc_separator type=&#8221;transparent&#8221; up=&#8221;20&#8243; down=&#8221;0&#8243;][vc_column_text]<\/p>\n<p style=\"text-align: justify;\">The will is the last legal written expression you leave to your loved ones. Sometimes, this last testament can be perceived as a \u201cnecessary evil\u201d to avoid \u201cintestate\u201d successions, to appoint a guardian to a minor child or to avoid the possibility that an unwanted person inherits your property. However, from a positive stance, the notarized will should be perceived as an indispensable deed to inform those you love not only about the mechanics of bequeathing your property, but to have the last word in your own personal way. The drafting of your will is limited only by the legal framework; the rest should reflect your personality. This is why it is important to choose your notary with the greatest care so that they can best navigate the legal roadblocks while honoring the subtleties of your individual self.<\/p>\n<p>[\/vc_column_text][\/vc_column][vc_column width=&#8221;1\/3&#8243; css=&#8221;.vc_custom_1562257353299{padding-right: 20px !important;}&#8221;][vc_column_text]<\/p>\n<h3>The anticipated medical directives<\/h3>\n<p>[\/vc_column_text][vc_separator type=&#8221;transparent&#8221; up=&#8221;20&#8243; down=&#8221;0&#8243;][vc_column_text]<\/p>\n<p style=\"text-align: justify;\">Advance medical directives is the best way to ensure that medical professionals will abide by your wishes to receive or refuse certain types of medical care, in the event of your inability to express yourself. These directives have binding legal value and cannot be contested by any third party. Advance medical directives given by notarial deed under the professional advice of your notary, will be forwarded to the Register of advance medical directives managed by the RAMQ and accessible to all health professionals.<\/p>\n<p>[\/vc_column_text][\/vc_column][\/vc_row][vc_row css_animation=&#8221;&#8221; row_type=&#8221;row&#8221; use_row_as_full_screen_section=&#8221;no&#8221; type=&#8221;full_width&#8221; angled_section=&#8221;no&#8221; text_align=&#8221;left&#8221; background_image_as_pattern=&#8221;without_pattern&#8221;][vc_column][vc_empty_space height=&#8221;50px&#8221;][\/vc_column][\/vc_row]<\/p>\n<\/div>","protected":false},"excerpt":{"rendered":"<p>[vc_row css_animation=&#8221;&#8221; row_type=&#8221;row&#8221; use_row_as_full_screen_section=&#8221;no&#8221; type=&#8221;grid&#8221; angled_section=&#8221;no&#8221; text_align=&#8221;left&#8221; background_image_as_pattern=&#8221;without_pattern&#8221; padding_top=&#8221;87&#8243; padding_bottom=&#8221;34&#8243;][vc_column width=&#8221;1\/3&#8243; css=&#8221;.vc_custom_1562257163499{padding-right: 20px !important;}&#8221;][vc_column_text] In our opinion&#8230; [\/vc_column_text][vc_separator type=&#8221;transparent&#8221; up=&#8221;20&#8243; down=&#8221;0&#8243;][vc_column_text] Each life is inherently personal and distinctive, with each person having to undertake commitments and responsibilities that have present and sometimes future legal ramifications&#8230;.<\/p>\n","protected":false},"author":1,"featured_media":0,"parent":0,"menu_order":0,"comment_status":"open","ping_status":"closed","template":"full_width.php","meta":{"footnotes":""},"class_list":["post-15537","page","type-page","status-publish","hentry"],"yoast_head":"<!-- This site is optimized with the Yoast SEO plugin v27.2 - https:\/\/yoast.com\/product\/yoast-seo-wordpress\/ -->\n<title>Good to Know - Lewis Notaire<\/title>\n<meta name=\"robots\" content=\"index, follow, max-snippet:-1, max-image-preview:large, max-video-preview:-1\" \/>\n<link rel=\"canonical\" href=\"https:\/\/lewisnotaire.ca\/en\/good-to-know\/\" \/>\n<meta property=\"og:locale\" content=\"en_US\" \/>\n<meta property=\"og:type\" content=\"article\" \/>\n<meta property=\"og:title\" content=\"Good to Know - Lewis Notaire\" \/>\n<meta property=\"og:description\" content=\"[vc_row css_animation=&#8221;&#8221; row_type=&#8221;row&#8221; use_row_as_full_screen_section=&#8221;no&#8221; type=&#8221;grid&#8221; angled_section=&#8221;no&#8221; text_align=&#8221;left&#8221; background_image_as_pattern=&#8221;without_pattern&#8221; padding_top=&#8221;87&#8243; padding_bottom=&#8221;34&#8243;][vc_column width=&#8221;1\/3&#8243; css=&#8221;.vc_custom_1562257163499{padding-right: 20px !important;}&#8221;][vc_column_text] In our opinion&#8230; [\/vc_column_text][vc_separator type=&#8221;transparent&#8221; up=&#8221;20&#8243; down=&#8221;0&#8243;][vc_column_text] Each life is inherently personal and distinctive, with each person having to undertake commitments and responsibilities that have present and sometimes future legal ramifications....\" \/>\n<meta property=\"og:url\" content=\"https:\/\/lewisnotaire.ca\/en\/good-to-know\/\" \/>\n<meta property=\"og:site_name\" content=\"Lewis Notaire\" \/>\n<meta property=\"article:modified_time\" content=\"2025-05-19T03:40:49+00:00\" \/>\n<meta name=\"twitter:card\" content=\"summary_large_image\" \/>\n<meta name=\"twitter:label1\" content=\"Est. reading time\" \/>\n\t<meta name=\"twitter:data1\" content=\"2 minutes\" \/>\n<script type=\"application\/ld+json\" class=\"yoast-schema-graph\">{\"@context\":\"https:\/\/schema.org\",\"@graph\":[{\"@type\":\"WebPage\",\"@id\":\"https:\/\/lewisnotaire.ca\/en\/good-to-know\/\",\"url\":\"https:\/\/lewisnotaire.ca\/en\/good-to-know\/\",\"name\":\"Good to Know - Lewis Notaire\",\"isPartOf\":{\"@id\":\"http:\/\/lewisnotaire.ca\/en\/#website\"},\"datePublished\":\"2014-10-20T16:21:39+00:00\",\"dateModified\":\"2025-05-19T03:40:49+00:00\",\"breadcrumb\":{\"@id\":\"https:\/\/lewisnotaire.ca\/en\/good-to-know\/#breadcrumb\"},\"inLanguage\":\"en-US\",\"potentialAction\":[{\"@type\":\"ReadAction\",\"target\":[\"https:\/\/lewisnotaire.ca\/en\/good-to-know\/\"]}]},{\"@type\":\"BreadcrumbList\",\"@id\":\"https:\/\/lewisnotaire.ca\/en\/good-to-know\/#breadcrumb\",\"itemListElement\":[{\"@type\":\"ListItem\",\"position\":1,\"name\":\"Home\",\"item\":\"https:\/\/lewisnotaire.ca\/en\/\"},{\"@type\":\"ListItem\",\"position\":2,\"name\":\"Good to Know\"}]},{\"@type\":\"WebSite\",\"@id\":\"http:\/\/lewisnotaire.ca\/en\/#website\",\"url\":\"http:\/\/lewisnotaire.ca\/en\/\",\"name\":\"Lewis Notaire\",\"description\":\"Notaire situ\u00e9 \u00e0 l&#039;\u00cele des Soeurs\",\"potentialAction\":[{\"@type\":\"SearchAction\",\"target\":{\"@type\":\"EntryPoint\",\"urlTemplate\":\"http:\/\/lewisnotaire.ca\/en\/?s={search_term_string}\"},\"query-input\":{\"@type\":\"PropertyValueSpecification\",\"valueRequired\":true,\"valueName\":\"search_term_string\"}}],\"inLanguage\":\"en-US\"}]}<\/script>\n<!-- \/ Yoast SEO plugin. -->","yoast_head_json":{"title":"Good to Know - Lewis Notaire","robots":{"index":"index","follow":"follow","max-snippet":"max-snippet:-1","max-image-preview":"max-image-preview:large","max-video-preview":"max-video-preview:-1"},"canonical":"https:\/\/lewisnotaire.ca\/en\/good-to-know\/","og_locale":"en_US","og_type":"article","og_title":"Good to Know - Lewis Notaire","og_description":"[vc_row css_animation=&#8221;&#8221; row_type=&#8221;row&#8221; use_row_as_full_screen_section=&#8221;no&#8221; type=&#8221;grid&#8221; angled_section=&#8221;no&#8221; text_align=&#8221;left&#8221; background_image_as_pattern=&#8221;without_pattern&#8221; padding_top=&#8221;87&#8243; padding_bottom=&#8221;34&#8243;][vc_column width=&#8221;1\/3&#8243; css=&#8221;.vc_custom_1562257163499{padding-right: 20px !important;}&#8221;][vc_column_text] In our opinion&#8230; [\/vc_column_text][vc_separator type=&#8221;transparent&#8221; up=&#8221;20&#8243; down=&#8221;0&#8243;][vc_column_text] Each life is inherently personal and distinctive, with each person having to undertake commitments and responsibilities that have present and sometimes future legal ramifications....","og_url":"https:\/\/lewisnotaire.ca\/en\/good-to-know\/","og_site_name":"Lewis Notaire","article_modified_time":"2025-05-19T03:40:49+00:00","twitter_card":"summary_large_image","twitter_misc":{"Est. reading time":"2 minutes"},"schema":{"@context":"https:\/\/schema.org","@graph":[{"@type":"WebPage","@id":"https:\/\/lewisnotaire.ca\/en\/good-to-know\/","url":"https:\/\/lewisnotaire.ca\/en\/good-to-know\/","name":"Good to Know - Lewis Notaire","isPartOf":{"@id":"http:\/\/lewisnotaire.ca\/en\/#website"},"datePublished":"2014-10-20T16:21:39+00:00","dateModified":"2025-05-19T03:40:49+00:00","breadcrumb":{"@id":"https:\/\/lewisnotaire.ca\/en\/good-to-know\/#breadcrumb"},"inLanguage":"en-US","potentialAction":[{"@type":"ReadAction","target":["https:\/\/lewisnotaire.ca\/en\/good-to-know\/"]}]},{"@type":"BreadcrumbList","@id":"https:\/\/lewisnotaire.ca\/en\/good-to-know\/#breadcrumb","itemListElement":[{"@type":"ListItem","position":1,"name":"Home","item":"https:\/\/lewisnotaire.ca\/en\/"},{"@type":"ListItem","position":2,"name":"Good to Know"}]},{"@type":"WebSite","@id":"http:\/\/lewisnotaire.ca\/en\/#website","url":"http:\/\/lewisnotaire.ca\/en\/","name":"Lewis Notaire","description":"Notaire situ\u00e9 \u00e0 l&#039;\u00cele des Soeurs","potentialAction":[{"@type":"SearchAction","target":{"@type":"EntryPoint","urlTemplate":"http:\/\/lewisnotaire.ca\/en\/?s={search_term_string}"},"query-input":{"@type":"PropertyValueSpecification","valueRequired":true,"valueName":"search_term_string"}}],"inLanguage":"en-US"}]}},"_links":{"self":[{"href":"https:\/\/lewisnotaire.ca\/en\/wp-json\/wp\/v2\/pages\/15537","targetHints":{"allow":["GET"]}}],"collection":[{"href":"https:\/\/lewisnotaire.ca\/en\/wp-json\/wp\/v2\/pages"}],"about":[{"href":"https:\/\/lewisnotaire.ca\/en\/wp-json\/wp\/v2\/types\/page"}],"author":[{"embeddable":true,"href":"https:\/\/lewisnotaire.ca\/en\/wp-json\/wp\/v2\/users\/1"}],"replies":[{"embeddable":true,"href":"https:\/\/lewisnotaire.ca\/en\/wp-json\/wp\/v2\/comments?post=15537"}],"version-history":[{"count":12,"href":"https:\/\/lewisnotaire.ca\/en\/wp-json\/wp\/v2\/pages\/15537\/revisions"}],"predecessor-version":[{"id":16325,"href":"https:\/\/lewisnotaire.ca\/en\/wp-json\/wp\/v2\/pages\/15537\/revisions\/16325"}],"wp:attachment":[{"href":"https:\/\/lewisnotaire.ca\/en\/wp-json\/wp\/v2\/media?parent=15537"}],"curies":[{"name":"wp","href":"https:\/\/api.w.org\/{rel}","templated":true}]}}