{"id":15465,"date":"2014-10-18T23:20:05","date_gmt":"2014-10-19T03:20:05","guid":{"rendered":"http:\/\/demo.qodeinteractive.com\/bridge46\/?page_id=15465"},"modified":"2025-05-18T23:36:53","modified_gmt":"2025-05-19T03:36:53","slug":"about","status":"publish","type":"page","link":"https:\/\/lewisnotaire.ca\/en\/about\/","title":{"rendered":"About"},"content":{"rendered":"","protected":false},"excerpt":{"rendered":"","protected":false},"author":1,"featured_media":0,"parent":0,"menu_order":0,"comment_status":"open","ping_status":"closed","template":"blog-masonry.php","meta":{"footnotes":""},"class_list":["post-15465","page","type-page","status-publish","hentry"],"yoast_head":"<!-- This site is optimized with the Yoast SEO plugin v27.2 - https:\/\/yoast.com\/product\/yoast-seo-wordpress\/ -->\n<title>About - Lewis Notaire<\/title>\n<meta name=\"robots\" content=\"index, follow, max-snippet:-1, max-image-preview:large, max-video-preview:-1\" \/>\n<link rel=\"canonical\" href=\"https:\/\/lewisnotaire.ca\/en\/about\/\" \/>\n<meta property=\"og:locale\" content=\"en_US\" \/>\n<meta property=\"og:type\" content=\"article\" \/>\n<meta property=\"og:title\" content=\"About - Lewis Notaire\" \/>\n<meta property=\"og:url\" content=\"https:\/\/lewisnotaire.ca\/en\/about\/\" \/>\n<meta property=\"og:site_name\" content=\"Lewis Notaire\" \/>\n<meta property=\"article:modified_time\" content=\"2025-05-19T03:36:53+00:00\" \/>\n<meta name=\"twitter:card\" content=\"summary_large_image\" \/>\n<script type=\"application\/ld+json\" class=\"yoast-schema-graph\">{\"@context\":\"https:\/\/schema.org\",\"@graph\":[{\"@type\":\"WebPage\",\"@id\":\"https:\/\/lewisnotaire.ca\/en\/about\/\",\"url\":\"https:\/\/lewisnotaire.ca\/en\/about\/\",\"name\":\"About - Lewis Notaire\",\"isPartOf\":{\"@id\":\"http:\/\/lewisnotaire.ca\/en\/#website\"},\"datePublished\":\"2014-10-19T03:20:05+00:00\",\"dateModified\":\"2025-05-19T03:36:53+00:00\",\"breadcrumb\":{\"@id\":\"https:\/\/lewisnotaire.ca\/en\/about\/#breadcrumb\"},\"inLanguage\":\"en-US\",\"potentialAction\":[{\"@type\":\"ReadAction\",\"target\":[\"https:\/\/lewisnotaire.ca\/en\/about\/\"]}]},{\"@type\":\"BreadcrumbList\",\"@id\":\"https:\/\/lewisnotaire.ca\/en\/about\/#breadcrumb\",\"itemListElement\":[{\"@type\":\"ListItem\",\"position\":1,\"name\":\"Home\",\"item\":\"https:\/\/lewisnotaire.ca\/en\/\"},{\"@type\":\"ListItem\",\"position\":2,\"name\":\"About\"}]},{\"@type\":\"WebSite\",\"@id\":\"http:\/\/lewisnotaire.ca\/en\/#website\",\"url\":\"http:\/\/lewisnotaire.ca\/en\/\",\"name\":\"Lewis Notaire\",\"description\":\"Notaire situ\u00e9 \u00e0 l&#039;\u00cele des Soeurs\",\"potentialAction\":[{\"@type\":\"SearchAction\",\"target\":{\"@type\":\"EntryPoint\",\"urlTemplate\":\"http:\/\/lewisnotaire.ca\/en\/?s={search_term_string}\"},\"query-input\":{\"@type\":\"PropertyValueSpecification\",\"valueRequired\":true,\"valueName\":\"search_term_string\"}}],\"inLanguage\":\"en-US\"}]}<\/script>\n<!-- \/ Yoast SEO plugin. -->","yoast_head_json":{"title":"About - Lewis Notaire","robots":{"index":"index","follow":"follow","max-snippet":"max-snippet:-1","max-image-preview":"max-image-preview:large","max-video-preview":"max-video-preview:-1"},"canonical":"https:\/\/lewisnotaire.ca\/en\/about\/","og_locale":"en_US","og_type":"article","og_title":"About - Lewis Notaire","og_url":"https:\/\/lewisnotaire.ca\/en\/about\/","og_site_name":"Lewis Notaire","article_modified_time":"2025-05-19T03:36:53+00:00","twitter_card":"summary_large_image","schema":{"@context":"https:\/\/schema.org","@graph":[{"@type":"WebPage","@id":"https:\/\/lewisnotaire.ca\/en\/about\/","url":"https:\/\/lewisnotaire.ca\/en\/about\/","name":"About - Lewis Notaire","isPartOf":{"@id":"http:\/\/lewisnotaire.ca\/en\/#website"},"datePublished":"2014-10-19T03:20:05+00:00","dateModified":"2025-05-19T03:36:53+00:00","breadcrumb":{"@id":"https:\/\/lewisnotaire.ca\/en\/about\/#breadcrumb"},"inLanguage":"en-US","potentialAction":[{"@type":"ReadAction","target":["https:\/\/lewisnotaire.ca\/en\/about\/"]}]},{"@type":"BreadcrumbList","@id":"https:\/\/lewisnotaire.ca\/en\/about\/#breadcrumb","itemListElement":[{"@type":"ListItem","position":1,"name":"Home","item":"https:\/\/lewisnotaire.ca\/en\/"},{"@type":"ListItem","position":2,"name":"About"}]},{"@type":"WebSite","@id":"http:\/\/lewisnotaire.ca\/en\/#website","url":"http:\/\/lewisnotaire.ca\/en\/","name":"Lewis Notaire","description":"Notaire situ\u00e9 \u00e0 l&#039;\u00cele des Soeurs","potentialAction":[{"@type":"SearchAction","target":{"@type":"EntryPoint","urlTemplate":"http:\/\/lewisnotaire.ca\/en\/?s={search_term_string}"},"query-input":{"@type":"PropertyValueSpecification","valueRequired":true,"valueName":"search_term_string"}}],"inLanguage":"en-US"}]}},"_links":{"self":[{"href":"https:\/\/lewisnotaire.ca\/en\/wp-json\/wp\/v2\/pages\/15465","targetHints":{"allow":["GET"]}}],"collection":[{"href":"https:\/\/lewisnotaire.ca\/en\/wp-json\/wp\/v2\/pages"}],"about":[{"href":"https:\/\/lewisnotaire.ca\/en\/wp-json\/wp\/v2\/types\/page"}],"author":[{"embeddable":true,"href":"https:\/\/lewisnotaire.ca\/en\/wp-json\/wp\/v2\/users\/1"}],"replies":[{"embeddable":true,"href":"https:\/\/lewisnotaire.ca\/en\/wp-json\/wp\/v2\/comments?post=15465"}],"version-history":[{"count":4,"href":"https:\/\/lewisnotaire.ca\/en\/wp-json\/wp\/v2\/pages\/15465\/revisions"}],"predecessor-version":[{"id":16326,"href":"https:\/\/lewisnotaire.ca\/en\/wp-json\/wp\/v2\/pages\/15465\/revisions\/16326"}],"wp:attachment":[{"href":"https:\/\/lewisnotaire.ca\/en\/wp-json\/wp\/v2\/media?parent=15465"}],"curies":[{"name":"wp","href":"https:\/\/api.w.org\/{rel}","templated":true}]}}