{"id":14869,"date":"2014-05-20T07:51:11","date_gmt":"2014-05-20T07:51:11","guid":{"rendered":"http:\/\/demo.qodeinteractive.com\/bridge46\/?page_id=14869"},"modified":"2025-05-18T22:39:17","modified_gmt":"2025-05-19T02:39:17","slug":"home","status":"publish","type":"page","link":"https:\/\/lewisnotaire.ca\/en\/","title":{"rendered":"Home"},"content":{"rendered":"<div class=\"wpb-content-wrapper\"><p>[vc_row css_animation=&#8221;&#8221; row_type=&#8221;row&#8221; use_row_as_full_screen_section=&#8221;no&#8221; type=&#8221;grid&#8221; angled_section=&#8221;no&#8221; text_align=&#8221;center&#8221; background_image_as_pattern=&#8221;without_pattern&#8221; background_color=&#8221;#185953&#8243; padding_top=&#8221;45&#8243; padding_bottom=&#8221;45&#8243; z_index=&#8221;&#8221; css=&#8221;.vc_custom_1570119854180{margin-bottom: -100px !important;}&#8221;][vc_column]<div class=\"custom_font_holder\" style=\" font-size: 20px; line-height: 25px; font-style: normal; font-weight: 300; color: #ffffff; text-decoration: none; letter-spacing: 0px; text-align: center;\">Over the years, our commitment to our customers to whom we provide tailored services has become our strength.<\/div>[\/vc_column][\/vc_row][vc_row css_animation=&#8221;&#8221; row_type=&#8221;row&#8221; use_row_as_full_screen_section=&#8221;no&#8221; type=&#8221;grid&#8221; angled_section=&#8221;no&#8221; text_align=&#8221;left&#8221; background_image_as_pattern=&#8221;without_pattern&#8221; padding_top=&#8221;102&#8243; el_class=&#8221;icon_border&#8221; padding_bottom=&#8221;0&#8243; css=&#8221;.vc_custom_1560456385145{margin-bottom: 50px !important;}&#8221; z_index=&#8221;&#8221;][vc_column][vc_separator type=&#8221;transparent&#8221; up=&#8221;23&#8243; down=&#8221;0&#8243;][vc_column_text]<\/p>\n<h4 style=\"text-align: center;\">Our services<\/h4>\n<p>[\/vc_column_text][vc_separator type=&#8221;transparent&#8221;][vc_column_text]<\/p>\n<h2 class=\"h2fr\">Discover how<br \/>\nwe can help you<\/h2>\n<p>[\/vc_column_text][vc_row_inner row_type=&#8221;row&#8221; type=&#8221;full_width&#8221; text_align=&#8221;left&#8221; css_animation=&#8221;&#8221; css=&#8221;.vc_custom_1560456417140{margin-top: 50px !important;}&#8221;][vc_column_inner width=&#8221;1\/3&#8243; css=&#8221;.vc_custom_1560523187172{margin-bottom: 30px !important;}&#8221;][vc_single_image image=&#8221;16348&#8243; img_size=&#8221;full&#8221; css=&#8221;&#8221; qode_css_animation=&#8221;&#8221;][vc_separator type=&#8221;transparent&#8221; up=&#8221;23&#8243; down=&#8221;0&#8243;][vc_column_text css=&#8221;&#8221;]<\/p>\n<h5 style=\"text-align: center;\">Non Contentious Procedures<\/h5>\n<p>[\/vc_column_text][\/vc_column_inner][vc_column_inner width=&#8221;1\/3&#8243; css=&#8221;.vc_custom_1560523221000{margin-bottom: 30px !important;}&#8221;][vc_single_image image=&#8221;16335&#8243; img_size=&#8221;full&#8221; css=&#8221;.vc_custom_1747621947576{margin-bottom: 30px !important;}&#8221; qode_css_animation=&#8221;&#8221;][vc_separator type=&#8221;transparent&#8221; up=&#8221;23&#8243; down=&#8221;0&#8243;][vc_column_text]<\/p>\n<h5 style=\"text-align: center;\">Family Law<\/h5>\n<p>[\/vc_column_text][\/vc_column_inner][vc_column_inner width=&#8221;1\/3&#8243; css=&#8221;.vc_custom_1560523228593{margin-bottom: 30px !important;}&#8221;][vc_single_image image=&#8221;15826&#8243; img_size=&#8221;full&#8221; qode_css_animation=&#8221;&#8221;][vc_separator type=&#8221;transparent&#8221; up=&#8221;23&#8243; down=&#8221;0&#8243;][vc_column_text]<\/p>\n<h5 style=\"text-align: center;\">Personal Rights<\/h5>\n<p>[\/vc_column_text][\/vc_column_inner][\/vc_row_inner][vc_row_inner row_type=&#8221;row&#8221; type=&#8221;full_width&#8221; text_align=&#8221;center&#8221; css_animation=&#8221;&#8221; css=&#8221;.vc_custom_1562160344821{margin-top: 50px !important;}&#8221;][vc_column_inner width=&#8221;1\/6&#8243; css=&#8221;.vc_custom_1560523187172{margin-bottom: 30px !important;}&#8221;][\/vc_column_inner][vc_column_inner width=&#8221;1\/3&#8243; css=&#8221;.vc_custom_1570216019197{margin-bottom: 30px !important;}&#8221; el_id=&#8221;gridimage4&#8243;][vc_empty_space height=&#8221;50px&#8221;][vc_single_image image=&#8221;16354&#8243; img_size=&#8221;full&#8221; css=&#8221;&#8221; qode_css_animation=&#8221;&#8221;][vc_separator type=&#8221;transparent&#8221; up=&#8221;23&#8243; down=&#8221;0&#8243;][vc_column_text]<\/p>\n<h5 style=\"text-align: center;\">Succession<\/h5>\n<p>[\/vc_column_text][\/vc_column_inner][vc_column_inner width=&#8221;1\/3&#8243; css=&#8221;.vc_custom_1747622164036{margin-bottom: 30px !important;}&#8221;][vc_single_image image=&#8221;15773&#8243; img_size=&#8221;full&#8221; css=&#8221;.vc_custom_1747621976494{margin-bottom: 30px !important;}&#8221; qode_css_animation=&#8221;&#8221;][vc_separator type=&#8221;transparent&#8221; up=&#8221;23&#8243; down=&#8221;0&#8243;][vc_column_text]<\/p>\n<h5 style=\"text-align: center;\">Other<\/h5>\n<p>[\/vc_column_text][\/vc_column_inner][vc_column_inner width=&#8221;1\/6&#8243;][\/vc_column_inner][\/vc_row_inner][vc_row_inner row_type=&#8221;row&#8221; type=&#8221;full_width&#8221; text_align=&#8221;center&#8221; css_animation=&#8221;&#8221; css=&#8221;.vc_custom_1570215548243{margin-top: 20px !important;}&#8221; el_id=&#8221;btnfr&#8221;][vc_column_inner]<a  itemprop=\"url\" href=\"https:\/\/lewisnotaire.ca\/en\/services\/\" target=\"_self\"  class=\"qbutton  medium center default\" style=\"margin: auto auto; \">Learn more<\/a>[\/vc_column_inner][\/vc_row_inner][\/vc_column][\/vc_row][vc_row css_animation=&#8221;&#8221; row_type=&#8221;row&#8221; use_row_as_full_screen_section=&#8221;no&#8221; type=&#8221;full_width&#8221; angled_section=&#8221;no&#8221; text_align=&#8221;left&#8221; background_image_as_pattern=&#8221;without_pattern&#8221;][vc_column][vc_empty_space height=&#8221;50px&#8221;][\/vc_column][\/vc_row]<\/p>\n<\/div>","protected":false},"excerpt":{"rendered":"<p>[vc_row css_animation=&#8221;&#8221; row_type=&#8221;row&#8221; use_row_as_full_screen_section=&#8221;no&#8221; type=&#8221;grid&#8221; angled_section=&#8221;no&#8221; text_align=&#8221;center&#8221; background_image_as_pattern=&#8221;without_pattern&#8221; background_color=&#8221;#185953&#8243; padding_top=&#8221;45&#8243; padding_bottom=&#8221;45&#8243; z_index=&#8221;&#8221; css=&#8221;.vc_custom_1570119854180{margin-bottom: -100px !important;}&#8221;][vc_column][\/vc_column][\/vc_row][vc_row css_animation=&#8221;&#8221; row_type=&#8221;row&#8221; use_row_as_full_screen_section=&#8221;no&#8221; type=&#8221;grid&#8221; angled_section=&#8221;no&#8221; text_align=&#8221;left&#8221; background_image_as_pattern=&#8221;without_pattern&#8221; padding_top=&#8221;102&#8243; el_class=&#8221;icon_border&#8221; padding_bottom=&#8221;0&#8243; css=&#8221;.vc_custom_1560456385145{margin-bottom: 50px !important;}&#8221; z_index=&#8221;&#8221;][vc_column][vc_separator type=&#8221;transparent&#8221; up=&#8221;23&#8243; down=&#8221;0&#8243;][vc_column_text] Our services [\/vc_column_text][vc_separator type=&#8221;transparent&#8221;][vc_column_text] Discover how we can help you [\/vc_column_text][vc_row_inner row_type=&#8221;row&#8221; type=&#8221;full_width&#8221;&#8230;<\/p>\n","protected":false},"author":1,"featured_media":0,"parent":0,"menu_order":0,"comment_status":"open","ping_status":"open","template":"full_width.php","meta":{"footnotes":""},"class_list":["post-14869","page","type-page","status-publish","hentry"],"yoast_head":"<!-- This site is optimized with the Yoast SEO plugin v27.2 - https:\/\/yoast.com\/product\/yoast-seo-wordpress\/ -->\n<title>Home - Lewis Notaire<\/title>\n<meta name=\"robots\" content=\"index, follow, max-snippet:-1, max-image-preview:large, max-video-preview:-1\" \/>\n<link rel=\"canonical\" href=\"https:\/\/lewisnotaire.ca\/en\/\" \/>\n<meta property=\"og:locale\" content=\"en_US\" \/>\n<meta property=\"og:type\" content=\"article\" \/>\n<meta property=\"og:title\" content=\"Home - Lewis Notaire\" \/>\n<meta property=\"og:description\" content=\"[vc_row css_animation=&#8221;&#8221; row_type=&#8221;row&#8221; use_row_as_full_screen_section=&#8221;no&#8221; type=&#8221;grid&#8221; angled_section=&#8221;no&#8221; text_align=&#8221;center&#8221; background_image_as_pattern=&#8221;without_pattern&#8221; background_color=&#8221;#185953&#8243; padding_top=&#8221;45&#8243; padding_bottom=&#8221;45&#8243; z_index=&#8221;&#8221; css=&#8221;.vc_custom_1570119854180{margin-bottom: -100px !important;}&#8221;][vc_column][\/vc_column][\/vc_row][vc_row css_animation=&#8221;&#8221; row_type=&#8221;row&#8221; use_row_as_full_screen_section=&#8221;no&#8221; type=&#8221;grid&#8221; angled_section=&#8221;no&#8221; text_align=&#8221;left&#8221; background_image_as_pattern=&#8221;without_pattern&#8221; padding_top=&#8221;102&#8243; el_class=&#8221;icon_border&#8221; padding_bottom=&#8221;0&#8243; css=&#8221;.vc_custom_1560456385145{margin-bottom: 50px !important;}&#8221; z_index=&#8221;&#8221;][vc_column][vc_separator type=&#8221;transparent&#8221; up=&#8221;23&#8243; down=&#8221;0&#8243;][vc_column_text] Our services [\/vc_column_text][vc_separator type=&#8221;transparent&#8221;][vc_column_text] Discover how we can help you [\/vc_column_text][vc_row_inner row_type=&#8221;row&#8221; type=&#8221;full_width&#8221;...\" \/>\n<meta property=\"og:url\" content=\"https:\/\/lewisnotaire.ca\/en\/\" \/>\n<meta property=\"og:site_name\" content=\"Lewis Notaire\" \/>\n<meta property=\"article:modified_time\" content=\"2025-05-19T02:39:17+00:00\" \/>\n<meta name=\"twitter:card\" content=\"summary_large_image\" \/>\n<meta name=\"twitter:label1\" content=\"Est. reading time\" \/>\n\t<meta name=\"twitter:data1\" content=\"2 minutes\" \/>\n<script type=\"application\/ld+json\" class=\"yoast-schema-graph\">{\"@context\":\"https:\/\/schema.org\",\"@graph\":[{\"@type\":\"WebPage\",\"@id\":\"https:\/\/lewisnotaire.ca\/en\/\",\"url\":\"https:\/\/lewisnotaire.ca\/en\/\",\"name\":\"Home - Lewis Notaire\",\"isPartOf\":{\"@id\":\"http:\/\/lewisnotaire.ca\/en\/#website\"},\"datePublished\":\"2014-05-20T07:51:11+00:00\",\"dateModified\":\"2025-05-19T02:39:17+00:00\",\"breadcrumb\":{\"@id\":\"https:\/\/lewisnotaire.ca\/en\/#breadcrumb\"},\"inLanguage\":\"en-US\",\"potentialAction\":[{\"@type\":\"ReadAction\",\"target\":[\"https:\/\/lewisnotaire.ca\/en\/\"]}]},{\"@type\":\"BreadcrumbList\",\"@id\":\"https:\/\/lewisnotaire.ca\/en\/#breadcrumb\",\"itemListElement\":[{\"@type\":\"ListItem\",\"position\":1,\"name\":\"Home\",\"item\":\"https:\/\/lewisnotaire.ca\/en\/\"},{\"@type\":\"ListItem\",\"position\":2,\"name\":\"Home\"}]},{\"@type\":\"WebSite\",\"@id\":\"http:\/\/lewisnotaire.ca\/en\/#website\",\"url\":\"http:\/\/lewisnotaire.ca\/en\/\",\"name\":\"Lewis Notaire\",\"description\":\"Notaire situ\u00e9 \u00e0 l&#039;\u00cele des Soeurs\",\"potentialAction\":[{\"@type\":\"SearchAction\",\"target\":{\"@type\":\"EntryPoint\",\"urlTemplate\":\"http:\/\/lewisnotaire.ca\/en\/?s={search_term_string}\"},\"query-input\":{\"@type\":\"PropertyValueSpecification\",\"valueRequired\":true,\"valueName\":\"search_term_string\"}}],\"inLanguage\":\"en-US\"}]}<\/script>\n<!-- \/ Yoast SEO plugin. -->","yoast_head_json":{"title":"Home - Lewis Notaire","robots":{"index":"index","follow":"follow","max-snippet":"max-snippet:-1","max-image-preview":"max-image-preview:large","max-video-preview":"max-video-preview:-1"},"canonical":"https:\/\/lewisnotaire.ca\/en\/","og_locale":"en_US","og_type":"article","og_title":"Home - Lewis Notaire","og_description":"[vc_row css_animation=&#8221;&#8221; row_type=&#8221;row&#8221; use_row_as_full_screen_section=&#8221;no&#8221; type=&#8221;grid&#8221; angled_section=&#8221;no&#8221; text_align=&#8221;center&#8221; background_image_as_pattern=&#8221;without_pattern&#8221; background_color=&#8221;#185953&#8243; padding_top=&#8221;45&#8243; padding_bottom=&#8221;45&#8243; z_index=&#8221;&#8221; css=&#8221;.vc_custom_1570119854180{margin-bottom: -100px !important;}&#8221;][vc_column][\/vc_column][\/vc_row][vc_row css_animation=&#8221;&#8221; row_type=&#8221;row&#8221; use_row_as_full_screen_section=&#8221;no&#8221; type=&#8221;grid&#8221; angled_section=&#8221;no&#8221; text_align=&#8221;left&#8221; background_image_as_pattern=&#8221;without_pattern&#8221; padding_top=&#8221;102&#8243; el_class=&#8221;icon_border&#8221; padding_bottom=&#8221;0&#8243; css=&#8221;.vc_custom_1560456385145{margin-bottom: 50px !important;}&#8221; z_index=&#8221;&#8221;][vc_column][vc_separator type=&#8221;transparent&#8221; up=&#8221;23&#8243; down=&#8221;0&#8243;][vc_column_text] Our services [\/vc_column_text][vc_separator type=&#8221;transparent&#8221;][vc_column_text] Discover how we can help you [\/vc_column_text][vc_row_inner row_type=&#8221;row&#8221; type=&#8221;full_width&#8221;...","og_url":"https:\/\/lewisnotaire.ca\/en\/","og_site_name":"Lewis Notaire","article_modified_time":"2025-05-19T02:39:17+00:00","twitter_card":"summary_large_image","twitter_misc":{"Est. reading time":"2 minutes"},"schema":{"@context":"https:\/\/schema.org","@graph":[{"@type":"WebPage","@id":"https:\/\/lewisnotaire.ca\/en\/","url":"https:\/\/lewisnotaire.ca\/en\/","name":"Home - Lewis Notaire","isPartOf":{"@id":"http:\/\/lewisnotaire.ca\/en\/#website"},"datePublished":"2014-05-20T07:51:11+00:00","dateModified":"2025-05-19T02:39:17+00:00","breadcrumb":{"@id":"https:\/\/lewisnotaire.ca\/en\/#breadcrumb"},"inLanguage":"en-US","potentialAction":[{"@type":"ReadAction","target":["https:\/\/lewisnotaire.ca\/en\/"]}]},{"@type":"BreadcrumbList","@id":"https:\/\/lewisnotaire.ca\/en\/#breadcrumb","itemListElement":[{"@type":"ListItem","position":1,"name":"Home","item":"https:\/\/lewisnotaire.ca\/en\/"},{"@type":"ListItem","position":2,"name":"Home"}]},{"@type":"WebSite","@id":"http:\/\/lewisnotaire.ca\/en\/#website","url":"http:\/\/lewisnotaire.ca\/en\/","name":"Lewis Notaire","description":"Notaire situ\u00e9 \u00e0 l&#039;\u00cele des Soeurs","potentialAction":[{"@type":"SearchAction","target":{"@type":"EntryPoint","urlTemplate":"http:\/\/lewisnotaire.ca\/en\/?s={search_term_string}"},"query-input":{"@type":"PropertyValueSpecification","valueRequired":true,"valueName":"search_term_string"}}],"inLanguage":"en-US"}]}},"_links":{"self":[{"href":"https:\/\/lewisnotaire.ca\/en\/wp-json\/wp\/v2\/pages\/14869","targetHints":{"allow":["GET"]}}],"collection":[{"href":"https:\/\/lewisnotaire.ca\/en\/wp-json\/wp\/v2\/pages"}],"about":[{"href":"https:\/\/lewisnotaire.ca\/en\/wp-json\/wp\/v2\/types\/page"}],"author":[{"embeddable":true,"href":"https:\/\/lewisnotaire.ca\/en\/wp-json\/wp\/v2\/users\/1"}],"replies":[{"embeddable":true,"href":"https:\/\/lewisnotaire.ca\/en\/wp-json\/wp\/v2\/comments?post=14869"}],"version-history":[{"count":106,"href":"https:\/\/lewisnotaire.ca\/en\/wp-json\/wp\/v2\/pages\/14869\/revisions"}],"predecessor-version":[{"id":16362,"href":"https:\/\/lewisnotaire.ca\/en\/wp-json\/wp\/v2\/pages\/14869\/revisions\/16362"}],"wp:attachment":[{"href":"https:\/\/lewisnotaire.ca\/en\/wp-json\/wp\/v2\/media?parent=14869"}],"curies":[{"name":"wp","href":"https:\/\/api.w.org\/{rel}","templated":true}]}}