{"id":14093,"date":"2014-03-26T14:44:33","date_gmt":"2014-03-26T14:44:33","guid":{"rendered":"http:\/\/demo.qodeinteractive.com\/bridge46\/?page_id=14093"},"modified":"2025-05-18T23:21:45","modified_gmt":"2025-05-19T03:21:45","slug":"team","status":"publish","type":"page","link":"https:\/\/lewisnotaire.ca\/en\/team\/","title":{"rendered":"Team"},"content":{"rendered":"<div class=\"wpb-content-wrapper\"><p>[vc_row css_animation=&#8221;&#8221; row_type=&#8221;row&#8221; use_row_as_full_screen_section=&#8221;no&#8221; type=&#8221;grid&#8221; angled_section=&#8221;no&#8221; text_align=&#8221;left&#8221; background_image_as_pattern=&#8221;without_pattern&#8221; padding_top=&#8221;87&#8243;][vc_column width=&#8221;1\/4&#8243; offset=&#8221;vc_col-lg-3 vc_col-md-6 vc_col-xs-12&#8243; css=&#8221;.vc_custom_1747624829941{margin-bottom: 30px !important;}&#8221;][vc_separator type=&#8221;transparent&#8221; up=&#8221;4&#8243; down=&#8221;0&#8243;][vc_column_text]<\/p>\n<h3 style=\"text-align: left;\">Mtre Francine Lewis<\/h3>\n<p>[\/vc_column_text][vc_separator type=&#8221;transparent&#8221; up=&#8221;0&#8243; down=&#8221;20&#8243;][vc_column_text css=&#8221;&#8221;]<\/p>\n<div>\n<p style=\"text-align: left;\">Notary Lewis graduated from McGill University, Faculty of Law, where she obtained Bachelors in Common law and in Civil law, and from the Universit\u00e9 de Montr\u00e9al, where she received her Master in notarial law. Mtre Lewis works in private practice in Montreal since January 2006.<\/p>\n<\/div>\n<p>[\/vc_column_text][vc_separator type=&#8221;transparent&#8221; up=&#8221;0&#8243; down=&#8221;20&#8243;]<div class=\"custom_font_holder\" style=\" font-size: 16px; line-height: 18px; font-style: normal; font-weight: 400; color: #068466; text-decoration: none; text-align: left;\"><a href=\"mailto:flewis@notarius.net\">flewis@notarius.net<\/a><\/div>[\/vc_column][vc_column width=&#8221;1\/4&#8243; offset=&#8221;vc_col-lg-3 vc_col-md-6 vc_col-xs-12&#8243; css=&#8221;.vc_custom_1747624836617{margin-bottom: 30px !important;}&#8221;][vc_separator type=&#8221;transparent&#8221; up=&#8221;4&#8243; down=&#8221;0&#8243;][vc_column_text]<\/p>\n<h3 style=\"text-align: left;\">Ms. Danielle Lapiere\u200b\u200b\u200b<\/h3>\n<p>[\/vc_column_text][vc_separator type=&#8221;transparent&#8221; up=&#8221;0&#8243; down=&#8221;20&#8243;][vc_column_text css=&#8221;&#8221;]<\/p>\n<div>\n<p style=\"text-align: left;\">Ms. Danielle Lapierre is the Executive assistant with many years of experience.<\/p>\n<\/div>\n<p>[\/vc_column_text][vc_separator type=&#8221;transparent&#8221; up=&#8221;0&#8243; down=&#8221;20&#8243;][\/vc_column][vc_column width=&#8221;1\/4&#8243; offset=&#8221;vc_col-lg-3 vc_col-md-6 vc_col-xs-12&#8243; css=&#8221;.vc_custom_1747624840088{margin-bottom: 30px !important;}&#8221;][vc_separator type=&#8221;transparent&#8221; up=&#8221;4&#8243; down=&#8221;0&#8243;][vc_column_text css=&#8221;&#8221;]<\/p>\n<h3 style=\"text-align: left;\">Ms. Tanya Howarth<\/h3>\n<p>[\/vc_column_text][vc_separator type=&#8221;transparent&#8221; up=&#8221;0&#8243; down=&#8221;20&#8243;][vc_column_text css=&#8221;&#8221;]<\/p>\n<p style=\"text-align: left;\">Administrative assistant and office manager to the firm since 2022<\/p>\n<p>[\/vc_column_text][vc_separator type=&#8221;transparent&#8221; up=&#8221;0&#8243; down=&#8221;20&#8243;][\/vc_column][vc_column width=&#8221;1\/4&#8243; offset=&#8221;vc_col-lg-3 vc_col-md-6 vc_col-xs-12&#8243; css=&#8221;.vc_custom_1747624843969{margin-bottom: 30px !important;}&#8221;][vc_separator type=&#8221;transparent&#8221; up=&#8221;4&#8243; down=&#8221;0&#8243;][vc_column_text]<\/p>\n<h3 style=\"text-align: left;\">Ms. Danielle Lapiere\u200b\u200b\u200b<\/h3>\n<p>[\/vc_column_text][vc_separator type=&#8221;transparent&#8221; up=&#8221;0&#8243; down=&#8221;20&#8243;][vc_column_text css=&#8221;&#8221;]<\/p>\n<p style=\"text-align: left;\">Legal assistant to the firm since 2025<\/p>\n<p>[\/vc_column_text][vc_separator type=&#8221;transparent&#8221; up=&#8221;0&#8243; down=&#8221;20&#8243;][\/vc_column][\/vc_row][vc_row css_animation=&#8221;&#8221; row_type=&#8221;row&#8221; use_row_as_full_screen_section=&#8221;no&#8221; type=&#8221;grid&#8221; angled_section=&#8221;no&#8221; text_align=&#8221;left&#8221; background_image_as_pattern=&#8221;without_pattern&#8221; background_color=&#8221;#ffffff&#8221; z_index=&#8221;&#8221;][vc_column][vc_empty_space height=&#8221;50px&#8221;][vc_column_text css=&#8221;&#8221;]<\/p>\n<h2>IN OUR OPINION&#8230;<\/h2>\n<p>[\/vc_column_text][vc_separator type=&#8221;normal&#8221;][vc_column_text css=&#8221;&#8221;]Each life is inherently personal and distinctive, with each person having to undertake commitments and responsibilities that have present and sometimes future legal ramifications. According to our legal system, ignorance of the law is no excuse. And of course, not everyone can be abreast with all areas of the law. This is why we are here to support and inform you about the legal aspects of your life. Whether for a wedding, a death, an incapacity, contract analysis, or drafting or any other situation where legal advice or prevention law would be useful, we can help protect your patrimony &amp; the people who are important to you.[\/vc_column_text][vc_empty_space height=&#8221;100px&#8221;][\/vc_column][\/vc_row]<\/p>\n<\/div>","protected":false},"excerpt":{"rendered":"<p>[vc_row css_animation=&#8221;&#8221; row_type=&#8221;row&#8221; use_row_as_full_screen_section=&#8221;no&#8221; type=&#8221;grid&#8221; angled_section=&#8221;no&#8221; text_align=&#8221;left&#8221; background_image_as_pattern=&#8221;without_pattern&#8221; padding_top=&#8221;87&#8243;][vc_column width=&#8221;1\/4&#8243; offset=&#8221;vc_col-lg-3 vc_col-md-6 vc_col-xs-12&#8243; css=&#8221;.vc_custom_1747624829941{margin-bottom: 30px !important;}&#8221;][vc_separator type=&#8221;transparent&#8221; up=&#8221;4&#8243; down=&#8221;0&#8243;][vc_column_text] Mtre Francine Lewis [\/vc_column_text][vc_separator type=&#8221;transparent&#8221; up=&#8221;0&#8243; down=&#8221;20&#8243;][vc_column_text css=&#8221;&#8221;] Notary Lewis graduated from McGill University, Faculty of Law, where she obtained Bachelors in Common law and in&#8230;<\/p>\n","protected":false},"author":1,"featured_media":0,"parent":0,"menu_order":0,"comment_status":"open","ping_status":"open","template":"full_width.php","meta":{"footnotes":""},"class_list":["post-14093","page","type-page","status-publish","hentry"],"yoast_head":"<!-- This site is optimized with the Yoast SEO plugin v27.2 - https:\/\/yoast.com\/product\/yoast-seo-wordpress\/ -->\n<title>Team - Lewis Notaire<\/title>\n<meta name=\"robots\" content=\"index, follow, max-snippet:-1, max-image-preview:large, max-video-preview:-1\" \/>\n<link rel=\"canonical\" href=\"https:\/\/lewisnotaire.ca\/en\/team\/\" \/>\n<meta property=\"og:locale\" content=\"en_US\" \/>\n<meta property=\"og:type\" content=\"article\" \/>\n<meta property=\"og:title\" content=\"Team - Lewis Notaire\" \/>\n<meta property=\"og:description\" content=\"[vc_row css_animation=&#8221;&#8221; row_type=&#8221;row&#8221; use_row_as_full_screen_section=&#8221;no&#8221; type=&#8221;grid&#8221; angled_section=&#8221;no&#8221; text_align=&#8221;left&#8221; background_image_as_pattern=&#8221;without_pattern&#8221; padding_top=&#8221;87&#8243;][vc_column width=&#8221;1\/4&#8243; offset=&#8221;vc_col-lg-3 vc_col-md-6 vc_col-xs-12&#8243; css=&#8221;.vc_custom_1747624829941{margin-bottom: 30px !important;}&#8221;][vc_separator type=&#8221;transparent&#8221; up=&#8221;4&#8243; down=&#8221;0&#8243;][vc_column_text] Mtre Francine Lewis [\/vc_column_text][vc_separator type=&#8221;transparent&#8221; up=&#8221;0&#8243; down=&#8221;20&#8243;][vc_column_text css=&#8221;&#8221;] Notary Lewis graduated from McGill University, Faculty of Law, where she obtained Bachelors in Common law and in...\" \/>\n<meta property=\"og:url\" content=\"https:\/\/lewisnotaire.ca\/en\/team\/\" \/>\n<meta property=\"og:site_name\" content=\"Lewis Notaire\" \/>\n<meta property=\"article:modified_time\" content=\"2025-05-19T03:21:45+00:00\" \/>\n<meta name=\"twitter:card\" content=\"summary_large_image\" \/>\n<meta name=\"twitter:label1\" content=\"Est. reading time\" \/>\n\t<meta name=\"twitter:data1\" content=\"2 minutes\" \/>\n<script type=\"application\/ld+json\" class=\"yoast-schema-graph\">{\"@context\":\"https:\/\/schema.org\",\"@graph\":[{\"@type\":\"WebPage\",\"@id\":\"https:\/\/lewisnotaire.ca\/en\/team\/\",\"url\":\"https:\/\/lewisnotaire.ca\/en\/team\/\",\"name\":\"Team - Lewis Notaire\",\"isPartOf\":{\"@id\":\"http:\/\/lewisnotaire.ca\/en\/#website\"},\"datePublished\":\"2014-03-26T14:44:33+00:00\",\"dateModified\":\"2025-05-19T03:21:45+00:00\",\"breadcrumb\":{\"@id\":\"https:\/\/lewisnotaire.ca\/en\/team\/#breadcrumb\"},\"inLanguage\":\"en-US\",\"potentialAction\":[{\"@type\":\"ReadAction\",\"target\":[\"https:\/\/lewisnotaire.ca\/en\/team\/\"]}]},{\"@type\":\"BreadcrumbList\",\"@id\":\"https:\/\/lewisnotaire.ca\/en\/team\/#breadcrumb\",\"itemListElement\":[{\"@type\":\"ListItem\",\"position\":1,\"name\":\"Home\",\"item\":\"https:\/\/lewisnotaire.ca\/en\/\"},{\"@type\":\"ListItem\",\"position\":2,\"name\":\"Team\"}]},{\"@type\":\"WebSite\",\"@id\":\"http:\/\/lewisnotaire.ca\/en\/#website\",\"url\":\"http:\/\/lewisnotaire.ca\/en\/\",\"name\":\"Lewis Notaire\",\"description\":\"Notaire situ\u00e9 \u00e0 l&#039;\u00cele des Soeurs\",\"potentialAction\":[{\"@type\":\"SearchAction\",\"target\":{\"@type\":\"EntryPoint\",\"urlTemplate\":\"http:\/\/lewisnotaire.ca\/en\/?s={search_term_string}\"},\"query-input\":{\"@type\":\"PropertyValueSpecification\",\"valueRequired\":true,\"valueName\":\"search_term_string\"}}],\"inLanguage\":\"en-US\"}]}<\/script>\n<!-- \/ Yoast SEO plugin. -->","yoast_head_json":{"title":"Team - Lewis Notaire","robots":{"index":"index","follow":"follow","max-snippet":"max-snippet:-1","max-image-preview":"max-image-preview:large","max-video-preview":"max-video-preview:-1"},"canonical":"https:\/\/lewisnotaire.ca\/en\/team\/","og_locale":"en_US","og_type":"article","og_title":"Team - Lewis Notaire","og_description":"[vc_row css_animation=&#8221;&#8221; row_type=&#8221;row&#8221; use_row_as_full_screen_section=&#8221;no&#8221; type=&#8221;grid&#8221; angled_section=&#8221;no&#8221; text_align=&#8221;left&#8221; background_image_as_pattern=&#8221;without_pattern&#8221; padding_top=&#8221;87&#8243;][vc_column width=&#8221;1\/4&#8243; offset=&#8221;vc_col-lg-3 vc_col-md-6 vc_col-xs-12&#8243; css=&#8221;.vc_custom_1747624829941{margin-bottom: 30px !important;}&#8221;][vc_separator type=&#8221;transparent&#8221; up=&#8221;4&#8243; down=&#8221;0&#8243;][vc_column_text] Mtre Francine Lewis [\/vc_column_text][vc_separator type=&#8221;transparent&#8221; up=&#8221;0&#8243; down=&#8221;20&#8243;][vc_column_text css=&#8221;&#8221;] Notary Lewis graduated from McGill University, Faculty of Law, where she obtained Bachelors in Common law and in...","og_url":"https:\/\/lewisnotaire.ca\/en\/team\/","og_site_name":"Lewis Notaire","article_modified_time":"2025-05-19T03:21:45+00:00","twitter_card":"summary_large_image","twitter_misc":{"Est. reading time":"2 minutes"},"schema":{"@context":"https:\/\/schema.org","@graph":[{"@type":"WebPage","@id":"https:\/\/lewisnotaire.ca\/en\/team\/","url":"https:\/\/lewisnotaire.ca\/en\/team\/","name":"Team - Lewis Notaire","isPartOf":{"@id":"http:\/\/lewisnotaire.ca\/en\/#website"},"datePublished":"2014-03-26T14:44:33+00:00","dateModified":"2025-05-19T03:21:45+00:00","breadcrumb":{"@id":"https:\/\/lewisnotaire.ca\/en\/team\/#breadcrumb"},"inLanguage":"en-US","potentialAction":[{"@type":"ReadAction","target":["https:\/\/lewisnotaire.ca\/en\/team\/"]}]},{"@type":"BreadcrumbList","@id":"https:\/\/lewisnotaire.ca\/en\/team\/#breadcrumb","itemListElement":[{"@type":"ListItem","position":1,"name":"Home","item":"https:\/\/lewisnotaire.ca\/en\/"},{"@type":"ListItem","position":2,"name":"Team"}]},{"@type":"WebSite","@id":"http:\/\/lewisnotaire.ca\/en\/#website","url":"http:\/\/lewisnotaire.ca\/en\/","name":"Lewis Notaire","description":"Notaire situ\u00e9 \u00e0 l&#039;\u00cele des Soeurs","potentialAction":[{"@type":"SearchAction","target":{"@type":"EntryPoint","urlTemplate":"http:\/\/lewisnotaire.ca\/en\/?s={search_term_string}"},"query-input":{"@type":"PropertyValueSpecification","valueRequired":true,"valueName":"search_term_string"}}],"inLanguage":"en-US"}]}},"_links":{"self":[{"href":"https:\/\/lewisnotaire.ca\/en\/wp-json\/wp\/v2\/pages\/14093","targetHints":{"allow":["GET"]}}],"collection":[{"href":"https:\/\/lewisnotaire.ca\/en\/wp-json\/wp\/v2\/pages"}],"about":[{"href":"https:\/\/lewisnotaire.ca\/en\/wp-json\/wp\/v2\/types\/page"}],"author":[{"embeddable":true,"href":"https:\/\/lewisnotaire.ca\/en\/wp-json\/wp\/v2\/users\/1"}],"replies":[{"embeddable":true,"href":"https:\/\/lewisnotaire.ca\/en\/wp-json\/wp\/v2\/comments?post=14093"}],"version-history":[{"count":30,"href":"https:\/\/lewisnotaire.ca\/en\/wp-json\/wp\/v2\/pages\/14093\/revisions"}],"predecessor-version":[{"id":16391,"href":"https:\/\/lewisnotaire.ca\/en\/wp-json\/wp\/v2\/pages\/14093\/revisions\/16391"}],"wp:attachment":[{"href":"https:\/\/lewisnotaire.ca\/en\/wp-json\/wp\/v2\/media?parent=14093"}],"curies":[{"name":"wp","href":"https:\/\/api.w.org\/{rel}","templated":true}]}}